{"id":121,"date":"2009-07-24T19:39:10","date_gmt":"2009-07-24T17:39:10","guid":{"rendered":"http:\/\/www.turchini75.com\/v1\/?page_id=121"},"modified":"2026-03-04T20:45:32","modified_gmt":"2026-03-04T19:45:32","slug":"prochain-deplacement","status":"publish","type":"page","link":"https:\/\/www.turchini75.com\/v1\/prochain-deplacement\/","title":{"rendered":"Prochain D\u00e9placement"},"content":{"rendered":"<p style=\"text-align: center;\"><b>Saison 2025 &#8211; 2026<\/b><\/p>\n<p>Possibilit\u00e9 de louer un car pour un minimum de 40 participants, ou d\u00e9placement en voitures particuli\u00e8res avec partage des co\u00fbts selon l&rsquo;affluence.<\/p>\n<p>Contactez-nous par <a href=\"https:\/\/www.facebook.com\/Turchini75\">facebook<\/a>,\u00a0via WhatsApp en nous <a href=\"https:\/\/www.turchini75.com\/v1\/contact\/\">demandant l&rsquo;ajout<\/a> ou encore par t\u00e9l\u00e9phone (Jean-No au 06 12 11 35 21) pour \u00eatre des prochains d\u00e9placements.<\/p>\n<p><strong>RAPPEL : Les fumig\u00e8nes et autres bombes agricoles sont interdits \u00e0 l&rsquo;int\u00e9rieur des enceintes sportives. Une fouille sera effectu\u00e9e \u00e0 l&rsquo;entr\u00e9e. Ne prenez pas le risque de passer le temps de la rencontre au poste de police !<\/strong><\/p>\n<hr \/>\n<p style=\"text-align: center;\"><a href=\"https:\/\/www.turchini75.com\/v1\/wp-content\/uploads\/2023\/09\/Logo-Pau-FC-2023.png\"><img loading=\"lazy\" decoding=\"async\" class=\"alignnone wp-image-10417 \" src=\"https:\/\/www.turchini75.com\/v1\/wp-content\/uploads\/2023\/09\/Logo-Pau-FC-2023-300x300.png\" alt=\"\" width=\"212\" height=\"212\" srcset=\"https:\/\/www.turchini75.com\/v1\/wp-content\/uploads\/2023\/09\/Logo-Pau-FC-2023-300x300.png 300w, https:\/\/www.turchini75.com\/v1\/wp-content\/uploads\/2023\/09\/Logo-Pau-FC-2023-150x150.png 150w, https:\/\/www.turchini75.com\/v1\/wp-content\/uploads\/2023\/09\/Logo-Pau-FC-2023-768x768.png 768w, https:\/\/www.turchini75.com\/v1\/wp-content\/uploads\/2023\/09\/Logo-Pau-FC-2023-320x320.png 320w, https:\/\/www.turchini75.com\/v1\/wp-content\/uploads\/2023\/09\/Logo-Pau-FC-2023-480x480.png 480w, https:\/\/www.turchini75.com\/v1\/wp-content\/uploads\/2023\/09\/Logo-Pau-FC-2023-800x800.png 800w, https:\/\/www.turchini75.com\/v1\/wp-content\/uploads\/2023\/09\/Logo-Pau-FC-2023.png 913w\" sizes=\"auto, (max-width: 212px) 100vw, 212px\" \/><\/a><\/p>\n<p><center><\/center><strong>Adversaire du jour : PAU<\/strong><\/p>\n<p><strong>Moyen de transport :<\/strong> Covoiturage<\/p>\n<p><strong>Lieu du rendez-vous : <\/strong>selon le v\u00e9hicule<\/p>\n<p><strong>Heure de d\u00e9part :<\/strong> heure d\u00e9finie selon le v\u00e9hicule<\/p>\n<p><strong>Tarif :\u00a0<\/strong>partage des co\u00fbts<\/p>\n<p><strong>Heure de retour :<\/strong> &#8211;<\/p>\n<p><strong>R\u00e9servation obligatoire pour les d\u00e9placements !<\/strong> Renseignements et r\u00e9servations : contactez Jean-No au 06 12 11 35 21 ou inscrivez-vous par MP sur notre page <a href=\"https:\/\/www.facebook.com\/turchini75\">Facebook<\/a>.<\/p>\n<hr \/>\n<p><strong>Le calendrier du Sporting Club de Bastia \u00e0 l&rsquo;ext\u00e9rieur :<\/strong> (Dates et heures susceptibles d&rsquo;\u00eatre modifi\u00e9es en fonction des retransmissions t\u00e9l\u00e9vis\u00e9es)<\/p>\n<p>Vendredi 6 mars : PAU<\/p>\n<p>Vendredi 20 mars : RODEZ<\/p>\n<p>Vendredi 10 avril : RED STAR<\/p>\n<p>Vendredi 24 avril : CLERMONT<\/p>\n<p>Vendredi 1er mai : GUINGAMP<\/p>\n<div class=\"pvc_clear\"><\/div>\n<p id=\"pvc_stats_121\" class=\"pvc_stats total_only  \" data-element-id=\"121\" style=\"\"><i class=\"pvc-stats-icon small\" aria-hidden=\"true\"><svg xmlns=\"http:\/\/www.w3.org\/2000\/svg\" version=\"1.0\" viewBox=\"0 0 502 315\" preserveAspectRatio=\"xMidYMid meet\"><g transform=\"translate(0,332) scale(0.1,-0.1)\" fill=\"\" stroke=\"none\"><path d=\"M2394 3279 l-29 -30 -3 -207 c-2 -182 0 -211 15 -242 39 -76 157 -76 196 0 15 31 17 60 15 243 l-3 209 -33 29 c-26 23 -41 29 -80 29 -41 0 -53 -5 -78 -31z\"\/><path d=\"M3085 3251 c-45 -19 -58 -50 -96 -229 -47 -217 -49 -260 -13 -295 52 -53 146 -42 177 20 16 31 87 366 87 410 0 70 -86 122 -155 94z\"\/><path d=\"M1751 3234 c-13 -9 -29 -31 -37 -50 -12 -29 -10 -49 21 -204 19 -94 39 -189 45 -210 14 -50 54 -80 110 -80 34 0 48 6 76 34 21 21 34 44 34 59 0 14 -18 113 -40 219 -37 178 -43 195 -70 221 -36 32 -101 37 -139 11z\"\/><path d=\"M1163 3073 c-36 -7 -73 -59 -73 -102 0 -56 133 -378 171 -413 34 -32 83 -37 129 -13 70 36 67 87 -16 290 -86 209 -89 214 -129 231 -35 14 -42 15 -82 7z\"\/><path d=\"M3689 3066 c-15 -9 -33 -30 -42 -48 -48 -103 -147 -355 -147 -375 0 -98 131 -148 192 -74 13 15 57 108 97 206 80 196 84 226 37 273 -30 30 -99 39 -137 18z\"\/><path d=\"M583 2784 c-38 -19 -67 -74 -58 -113 9 -42 211 -354 242 -373 16 -10 45 -18 66 -18 51 0 107 52 107 100 0 39 -1 41 -124 234 -80 126 -108 162 -133 173 -41 17 -61 16 -100 -3z\"\/><path d=\"M4250 2784 c-14 -9 -74 -91 -133 -183 -95 -150 -107 -173 -107 -213 0 -55 33 -94 87 -104 67 -13 90 8 211 198 130 202 137 225 78 284 -27 27 -42 34 -72 34 -22 0 -50 -8 -64 -16z\"\/><path d=\"M2275 2693 c-553 -48 -1095 -270 -1585 -649 -135 -104 -459 -423 -483 -476 -23 -49 -22 -139 2 -186 73 -142 361 -457 571 -626 285 -228 642 -407 990 -497 242 -63 336 -73 660 -74 310 0 370 5 595 52 535 111 1045 392 1455 803 122 121 250 273 275 326 19 41 19 137 0 174 -41 79 -309 363 -465 492 -447 370 -946 591 -1479 653 -113 14 -422 18 -536 8z m395 -428 c171 -34 330 -124 456 -258 112 -119 167 -219 211 -378 27 -96 24 -300 -5 -401 -72 -255 -236 -447 -474 -557 -132 -62 -201 -76 -368 -76 -167 0 -236 14 -368 76 -213 98 -373 271 -451 485 -162 444 86 934 547 1084 153 49 292 57 452 25z m909 -232 c222 -123 408 -262 593 -441 76 -74 138 -139 138 -144 0 -16 -233 -242 -330 -319 -155 -123 -309 -223 -461 -299 l-81 -41 32 46 c18 26 49 83 70 128 143 306 141 649 -6 957 -25 52 -61 116 -79 142 l-34 47 45 -20 c26 -10 76 -36 113 -56z m-2057 25 c-40 -58 -105 -190 -130 -263 -110 -324 -59 -707 132 -981 25 -35 42 -64 37 -64 -19 0 -241 119 -326 174 -188 122 -406 314 -532 468 l-58 71 108 103 c185 178 428 349 672 473 66 33 121 60 123 61 2 0 -10 -19 -26 -42z\"\/><path d=\"M2375 1950 c-198 -44 -350 -190 -395 -379 -18 -76 -8 -221 19 -290 114 -284 457 -406 731 -260 98 52 188 154 231 260 27 69 37 214 19 290 -38 163 -166 304 -326 360 -67 23 -215 33 -279 19z\"\/><\/g><\/svg><\/i> <img loading=\"lazy\" decoding=\"async\" width=\"16\" height=\"16\" alt=\"Loading\" src=\"https:\/\/www.turchini75.com\/v1\/wp-content\/plugins\/page-views-count\/ajax-loader-2x.gif\" border=0 \/><\/p>\n<div class=\"pvc_clear\"><\/div>\n","protected":false},"excerpt":{"rendered":"<p>Saison 2025 &#8211; 2026 Possibilit\u00e9 de louer un car pour un minimum de 40 participants, ou d\u00e9placement en voitures particuli\u00e8res avec partage des [&hellip;]<\/p>\n","protected":false},"author":330,"featured_media":9323,"parent":0,"menu_order":0,"comment_status":"open","ping_status":"open","template":"page-fullwidth","meta":{"footnotes":""},"class_list":["post-121","page","type-page","status-publish","has-post-thumbnail","hentry"],"amp_enabled":false,"_links":{"self":[{"href":"https:\/\/www.turchini75.com\/v1\/wp-json\/wp\/v2\/pages\/121","targetHints":{"allow":["GET"]}}],"collection":[{"href":"https:\/\/www.turchini75.com\/v1\/wp-json\/wp\/v2\/pages"}],"about":[{"href":"https:\/\/www.turchini75.com\/v1\/wp-json\/wp\/v2\/types\/page"}],"author":[{"embeddable":true,"href":"https:\/\/www.turchini75.com\/v1\/wp-json\/wp\/v2\/users\/330"}],"replies":[{"embeddable":true,"href":"https:\/\/www.turchini75.com\/v1\/wp-json\/wp\/v2\/comments?post=121"}],"version-history":[{"count":193,"href":"https:\/\/www.turchini75.com\/v1\/wp-json\/wp\/v2\/pages\/121\/revisions"}],"predecessor-version":[{"id":11226,"href":"https:\/\/www.turchini75.com\/v1\/wp-json\/wp\/v2\/pages\/121\/revisions\/11226"}],"wp:featuredmedia":[{"embeddable":true,"href":"https:\/\/www.turchini75.com\/v1\/wp-json\/wp\/v2\/media\/9323"}],"wp:attachment":[{"href":"https:\/\/www.turchini75.com\/v1\/wp-json\/wp\/v2\/media?parent=121"}],"curies":[{"name":"wp","href":"https:\/\/api.w.org\/{rel}","templated":true}]}}